{"id":252,"date":"2016-07-24T16:44:30","date_gmt":"2016-07-24T14:44:30","guid":{"rendered":"http:\/\/www.sonnenhof-gramais.at\/wordpress\/?page_id=252"},"modified":"2016-07-24T16:44:30","modified_gmt":"2016-07-24T14:44:30","slug":"stornobedingungen","status":"publish","type":"page","link":"https:\/\/www.sonnenhof-gramais.at\/wordpress\/?page_id=252","title":{"rendered":"Stornobedingungen"},"content":{"rendered":"<h3>Stornobedingungen (entsprechend\u00a0den \u00d6sterreichischen Hotelvertragsbedigungen)<\/h3>\n<h4>Reiser\u00fccktritt<\/h4>\n<p>Der R\u00fccktritt muss grunds\u00e4tzlich pers\u00f6nlich erfolgen.<\/p>\n<h4>Stornobedingungen<\/h4>\n<ul>\n<li>bei R\u00fccktritt bis 3 Monate vor Anreise &#8211; keine Stornokosten<\/li>\n<li>bei R\u00fccktritt bis 3 Monate &#8211; 1 Monat vor Anreise &#8211; 40% des Reisepreises<\/li>\n<li>bei R\u00fccktritt bis 1 Monat &#8211; 1 Woche vor Anreise &#8211; 70% des Reisepreises<\/li>\n<li>bei R\u00fccktritt innerhalb\u00a01 Woche\u00a0vor Anreise &#8211; 90% des Reisepreises<\/li>\n<li>bei vorzeitiger Abreise &#8211; 100% des Reisepreises (abz\u00fcglich nicht erbrachter Leistungen wie bspw. Ortstaxe oder Fr\u00fchst\u00fcck)<\/li>\n<\/ul>\n<p>Gerichtsstand ist Reutte in Tirol, \u00d6sterreich.<\/p>\n<p>&nbsp;<\/p>\n","protected":false},"excerpt":{"rendered":"<p>Stornobedingungen (entsprechend\u00a0den \u00d6sterreichischen Hotelvertragsbedigungen) Reiser\u00fccktritt Der R\u00fccktritt muss grunds\u00e4tzlich pers\u00f6nlich erfolgen. Stornobedingungen bei R\u00fccktritt bis 3 Monate vor Anreise &#8211; keine Stornokosten bei R\u00fccktritt bis 3 Monate &#8211; 1 Monat vor Anreise &#8211; 40% des Reisepreises bei R\u00fccktritt bis 1 Monat &#8211; 1 Woche vor Anreise &#8211; 70% des Reisepreises bei R\u00fccktritt innerhalb\u00a01 Woche\u00a0vor Anreise [&hellip;]<\/p>\n","protected":false},"author":1,"featured_media":0,"parent":0,"menu_order":0,"comment_status":"closed","ping_status":"closed","template":"page-full-width.php","meta":{"footnotes":""},"class_list":["post-252","page","type-page","status-publish","hentry"],"_links":{"self":[{"href":"https:\/\/www.sonnenhof-gramais.at\/wordpress\/index.php?rest_route=\/wp\/v2\/pages\/252","targetHints":{"allow":["GET"]}}],"collection":[{"href":"https:\/\/www.sonnenhof-gramais.at\/wordpress\/index.php?rest_route=\/wp\/v2\/pages"}],"about":[{"href":"https:\/\/www.sonnenhof-gramais.at\/wordpress\/index.php?rest_route=\/wp\/v2\/types\/page"}],"author":[{"embeddable":true,"href":"https:\/\/www.sonnenhof-gramais.at\/wordpress\/index.php?rest_route=\/wp\/v2\/users\/1"}],"replies":[{"embeddable":true,"href":"https:\/\/www.sonnenhof-gramais.at\/wordpress\/index.php?rest_route=%2Fwp%2Fv2%2Fcomments&post=252"}],"version-history":[{"count":1,"href":"https:\/\/www.sonnenhof-gramais.at\/wordpress\/index.php?rest_route=\/wp\/v2\/pages\/252\/revisions"}],"predecessor-version":[{"id":253,"href":"https:\/\/www.sonnenhof-gramais.at\/wordpress\/index.php?rest_route=\/wp\/v2\/pages\/252\/revisions\/253"}],"wp:attachment":[{"href":"https:\/\/www.sonnenhof-gramais.at\/wordpress\/index.php?rest_route=%2Fwp%2Fv2%2Fmedia&parent=252"}],"curies":[{"name":"wp","href":"https:\/\/api.w.org\/{rel}","templated":true}]}}