{"id":6,"date":"2016-06-10T13:26:58","date_gmt":"2016-06-10T11:26:58","guid":{"rendered":"http:\/\/www.sonnenhof-gramais.at\/wordpress\/?page_id=6"},"modified":"2025-03-20T14:38:24","modified_gmt":"2025-03-20T13:38:24","slug":"startseite","status":"publish","type":"page","link":"https:\/\/www.sonnenhof-gramais.at\/wordpress\/","title":{"rendered":"Startseite"},"content":{"rendered":"<h3 style=\"text-align: center;\">Herzlich Willkommen auf dem Sonnenhof in Gramais!<\/h3>\n<h4 style=\"text-align: center;\"><span style=\"color: #f8b142;\"><em>&#8220; Wir, die Gastgeber Hildegard und Dieter Seifert, begr\u00fc\u00dfen Sie ganz herzlich auf unserer Homepage.&#8220;<\/em><\/span><\/h4>\n<p style=\"text-align: center;\">Hier k\u00f6nnen Sie sich \u00fcber unser Haus und unsere sch\u00f6ne Umgebung informieren.<br \/>\nWir w\u00fcrden uns freuen wenn wir Sie bei uns in Gramais-Weiler Riefen begr\u00fc\u00dfen d\u00fcrfen.<br \/>\nIhre Familie Seifert<\/p>\n<p style=\"text-align: center;\"><span style=\"color: #ff9900;\"><a style=\"color: #ff9900;\" href=\"https:\/\/www.sonnenhof-gramais.at\/wordpress\/?page_id=223\"><strong>AKTUELLE PREISE<\/strong><\/a><\/span><\/p>\n","protected":false},"excerpt":{"rendered":"<p>Herzlich Willkommen auf dem Sonnenhof in Gramais! &#8220; Wir, die Gastgeber Hildegard und Dieter Seifert, begr\u00fc\u00dfen Sie ganz herzlich auf unserer Homepage.&#8220; Hier k\u00f6nnen Sie sich \u00fcber unser Haus und unsere sch\u00f6ne Umgebung informieren. Wir w\u00fcrden uns freuen wenn wir Sie bei uns in Gramais-Weiler Riefen begr\u00fc\u00dfen d\u00fcrfen. Ihre Familie Seifert AKTUELLE PREISE<\/p>\n","protected":false},"author":1,"featured_media":376,"parent":0,"menu_order":0,"comment_status":"closed","ping_status":"closed","template":"page-full-width.php","meta":{"footnotes":""},"class_list":["post-6","page","type-page","status-publish","has-post-thumbnail","hentry"],"_links":{"self":[{"href":"https:\/\/www.sonnenhof-gramais.at\/wordpress\/index.php?rest_route=\/wp\/v2\/pages\/6","targetHints":{"allow":["GET"]}}],"collection":[{"href":"https:\/\/www.sonnenhof-gramais.at\/wordpress\/index.php?rest_route=\/wp\/v2\/pages"}],"about":[{"href":"https:\/\/www.sonnenhof-gramais.at\/wordpress\/index.php?rest_route=\/wp\/v2\/types\/page"}],"author":[{"embeddable":true,"href":"https:\/\/www.sonnenhof-gramais.at\/wordpress\/index.php?rest_route=\/wp\/v2\/users\/1"}],"replies":[{"embeddable":true,"href":"https:\/\/www.sonnenhof-gramais.at\/wordpress\/index.php?rest_route=%2Fwp%2Fv2%2Fcomments&post=6"}],"version-history":[{"count":22,"href":"https:\/\/www.sonnenhof-gramais.at\/wordpress\/index.php?rest_route=\/wp\/v2\/pages\/6\/revisions"}],"predecessor-version":[{"id":494,"href":"https:\/\/www.sonnenhof-gramais.at\/wordpress\/index.php?rest_route=\/wp\/v2\/pages\/6\/revisions\/494"}],"wp:featuredmedia":[{"embeddable":true,"href":"https:\/\/www.sonnenhof-gramais.at\/wordpress\/index.php?rest_route=\/wp\/v2\/media\/376"}],"wp:attachment":[{"href":"https:\/\/www.sonnenhof-gramais.at\/wordpress\/index.php?rest_route=%2Fwp%2Fv2%2Fmedia&parent=6"}],"curies":[{"name":"wp","href":"https:\/\/api.w.org\/{rel}","templated":true}]}}